{"id":145,"date":"2024-04-04T10:53:08","date_gmt":"2024-04-04T10:53:08","guid":{"rendered":"https:\/\/sktperfectdemo.com\/themepack\/garden-care\/?page_id=145"},"modified":"2025-10-21T09:36:17","modified_gmt":"2025-10-21T09:36:17","slug":"about","status":"publish","type":"page","link":"https:\/\/miastoiogrody.pl\/index.php\/about\/","title":{"rendered":"O Nas"},"content":{"rendered":"\t\t<div data-elementor-type=\"wp-page\" data-elementor-id=\"145\" class=\"elementor elementor-145\">\n\t\t\t\t<section class=\"elementor-element elementor-element-2299e6de skt-garden-care-section-two e-flex e-con-boxed e-con e-parent\" data-id=\"2299e6de\" data-element_type=\"container\" data-settings=\"{&quot;background_background&quot;:&quot;classic&quot;}\">\n\t\t\t\t\t<div class=\"e-con-inner\">\n\t\t<div class=\"elementor-element elementor-element-5a832a5d skt-garden-care-section-two-left-col e-con-full e-flex e-con e-child\" data-id=\"5a832a5d\" data-element_type=\"container\" data-settings=\"{&quot;background_background&quot;:&quot;classic&quot;}\">\n\t\t\t\t<div class=\"elementor-element elementor-element-2d7b7ac3 elementor-position-left skt-garden-care-section-two-image-box elementor-vertical-align-middle elementor-widget elementor-widget-image-box\" data-id=\"2d7b7ac3\" data-element_type=\"widget\" data-widget_type=\"image-box.default\">\n\t\t\t\t\t<div class=\"elementor-image-box-wrapper\"><figure class=\"elementor-image-box-img\"><img decoding=\"async\" width=\"58\" height=\"51\" src=\"https:\/\/miastoiogrody.pl\/wp-content\/uploads\/2024\/04\/section-two-icon-1.png\" class=\"attachment-full size-full wp-image-86\" alt=\"\" \/><\/figure><div class=\"elementor-image-box-content\"><h3 class=\"elementor-image-box-title\">Wykwalifikowana<\/h3><p class=\"elementor-image-box-description\">kadra ogrodnik\u00f3w<\/p><\/div><\/div>\t\t\t\t<\/div>\n\t\t\t\t<div class=\"elementor-element elementor-element-67bee214 elementor-position-left skt-garden-care-section-two-image-box elementor-vertical-align-middle elementor-widget elementor-widget-image-box\" data-id=\"67bee214\" data-element_type=\"widget\" data-widget_type=\"image-box.default\">\n\t\t\t\t\t<div class=\"elementor-image-box-wrapper\"><figure class=\"elementor-image-box-img\"><img decoding=\"async\" width=\"66\" height=\"66\" src=\"https:\/\/miastoiogrody.pl\/wp-content\/uploads\/2024\/04\/section-six-how-does-it-work-icon-4.png\" class=\"attachment-full size-full wp-image-83\" alt=\"\" \/><\/figure><div class=\"elementor-image-box-content\"><h3 class=\"elementor-image-box-title\">Sprawdzony<\/h3><p class=\"elementor-image-box-description\">i profesjonalny park maszynowy<\/p><\/div><\/div>\t\t\t\t<\/div>\n\t\t\t\t<div class=\"elementor-element elementor-element-63ffa974 elementor-position-left skt-garden-care-section-two-image-box elementor-vertical-align-middle elementor-widget elementor-widget-image-box\" data-id=\"63ffa974\" data-element_type=\"widget\" data-widget_type=\"image-box.default\">\n\t\t\t\t\t<div class=\"elementor-image-box-wrapper\"><figure class=\"elementor-image-box-img\"><img decoding=\"async\" width=\"58\" height=\"51\" src=\"https:\/\/miastoiogrody.pl\/wp-content\/uploads\/2024\/04\/section-two-icon-2.png\" class=\"attachment-full size-full wp-image-87\" alt=\"\" \/><\/figure><div class=\"elementor-image-box-content\"><h3 class=\"elementor-image-box-title\">Najwy\u017csza<\/h3><p class=\"elementor-image-box-description\">jako\u015b\u0107 obs\u0142ugi klienta<\/p><\/div><\/div>\t\t\t\t<\/div>\n\t\t\t\t<div class=\"elementor-element elementor-element-d08defb elementor-position-left skt-garden-care-section-two-image-box elementor-vertical-align-middle elementor-widget elementor-widget-image-box\" data-id=\"d08defb\" data-element_type=\"widget\" data-widget_type=\"image-box.default\">\n\t\t\t\t\t<div class=\"elementor-image-box-wrapper\"><figure class=\"elementor-image-box-img\"><img loading=\"lazy\" decoding=\"async\" width=\"55\" height=\"68\" src=\"https:\/\/miastoiogrody.pl\/wp-content\/uploads\/2024\/04\/section-six-how-does-it-work-icon-1.png\" class=\"attachment-full size-full wp-image-80\" alt=\"\" \/><\/figure><div class=\"elementor-image-box-content\"><h3 class=\"elementor-image-box-title\">Wieloletnie<\/h3><p class=\"elementor-image-box-description\">do\u015bwiadczenie i dziesi\u0105tki zmienionych ogrod\u00f3w<\/p><\/div><\/div>\t\t\t\t<\/div>\n\t\t<div class=\"elementor-element elementor-element-8e25d18 e-con-full e-flex e-con e-child\" data-id=\"8e25d18\" data-element_type=\"container\">\n\t\t\t\t<\/div>\n\t\t\t\t<\/div>\n\t\t<div class=\"elementor-element elementor-element-506726c4 e-con-full elementor-hidden-mobile e-flex e-con e-child\" data-id=\"506726c4\" data-element_type=\"container\">\n\t\t\t\t<\/div>\n\t\t<div class=\"elementor-element elementor-element-35d556b2 skt-garden-care-section-two-right-col e-con-full e-flex e-con e-child\" data-id=\"35d556b2\" data-element_type=\"container\" data-settings=\"{&quot;background_background&quot;:&quot;classic&quot;}\">\n\t\t<div class=\"elementor-element elementor-element-182edb37 e-con-full e-flex e-con e-child\" data-id=\"182edb37\" data-element_type=\"container\">\n\t\t\t\t<\/div>\n\t\t<div class=\"elementor-element elementor-element-4632b881 e-con-full e-flex e-con e-child\" data-id=\"4632b881\" data-element_type=\"container\" data-settings=\"{&quot;background_background&quot;:&quot;classic&quot;}\">\n\t\t\t\t<div class=\"elementor-element elementor-element-7a126c71 elementor-widget elementor-widget-heading\" data-id=\"7a126c71\" data-element_type=\"widget\" data-widget_type=\"heading.default\">\n\t\t\t\t\t<h2 class=\"elementor-heading-title elementor-size-default\">Od lat d<span>bamy&nbsp;<\/span><span>o ogrody&nbsp;<\/span><br><span>i tereny zielone<\/span><\/h2>\t\t\t\t<\/div>\n\t\t\t\t<div class=\"elementor-element elementor-element-3d9f4d04 elementor-widget__width-initial elementor-widget elementor-widget-text-editor\" data-id=\"3d9f4d04\" data-element_type=\"widget\" data-widget_type=\"text-editor.default\">\n\t\t\t\t\t\t\t\t\t<p>Nasza firma P.P.H.U \u201e\u0141AD\u201d powsta\u0142a ponad 20 lat i od samego pocz\u0105tku realizuje us\u0142ugi ogrodnicze i porz\u0105dkowe na terenie wojew\u00f3dztwa \u0142\u00f3dzkiego.<\/p><p>Doskona\u0142a jako\u015b\u0107 naszych us\u0142ug, sumienno\u015b\u0107, dok\u0142adno\u015b\u0107 i precyzja umo\u017cliwi\u0142a Nam wsp\u00f3\u0142prac\u0119 z takimi instytucjami na terenie wojew\u00f3dztwa \u0142\u00f3dzkiego jak:<\/p><p>URZ\u0104D MIASTA \u0141ODZI<\/p><p>ZARZ\u0104D DR\u00d3G I TRANSPORTU<\/p><p>SIECI SUPERMARKET\u00d3W TAKICH JAK BIEDRONKA, TESCO ITD.<\/p><p>Od 2010 rozszerzyli\u015bmy Nasz\u0105 dzia\u0142alno\u015b\u0107 o us\u0142ugi dla firm prywatnych i zwyk\u0142ych obywateli.\u00a0<\/p><p>Jeste\u015bmy bardzo szybko rozwijaj\u0105c\u0105 si\u0119 firm\u0105, kt\u00f3ra ca\u0142y czas rozwija oferowany zakres us\u0142ug.<\/p><p>Wypracowana przez lata bardzo dobra opinia, a tak\u017ce wysoko wykwalifikowany personel i praktyka w oferowanych us\u0142ugach sprawia, \u017ce jeste\u015bmy bardzo wysoko oceniani przez by\u0142ych jak i obecnych klient\u00f3w.<\/p><p>Do pracy u\u017cywany wy\u0142\u0105cznie sprz\u0119tu firmy STIHL i FISKARS, kt\u00f3re s\u0105 liderami na rynku produkt\u00f3w do utrzymania czysto\u015bci i ogrodnictwa.<\/p>\t\t\t\t\t\t\t\t<\/div>\n\t\t\t\t<div class=\"elementor-element elementor-element-24cc0b7d elementor-mobile-align-center elementor-button-info elementor-widget elementor-widget-button\" data-id=\"24cc0b7d\" data-element_type=\"widget\" data-widget_type=\"button.default\">\n\t\t\t\t\t\t\t\t\t\t<a class=\"elementor-button elementor-button-link elementor-size-sm\" href=\"https:\/\/miastoiogrody.pl\/index.php\/services\/\">\n\t\t\t\t\t\t<span class=\"elementor-button-content-wrapper\">\n\t\t\t\t\t\t\t\t\t<span class=\"elementor-button-text\">Nasza oferta<\/span>\n\t\t\t\t\t<\/span>\n\t\t\t\t\t<\/a>\n\t\t\t\t\t\t\t\t<\/div>\n\t\t\t\t<\/div>\n\t\t\t\t<\/div>\n\t\t\t\t\t<\/div>\n\t\t\t\t<\/section>\n\t\t<div class=\"elementor-element elementor-element-cc74279 skt-garden-care-section-five e-flex e-con-boxed e-con e-parent\" data-id=\"cc74279\" data-element_type=\"container\" data-settings=\"{&quot;background_background&quot;:&quot;classic&quot;}\">\n\t\t\t\t\t<div class=\"e-con-inner\">\n\t\t<div class=\"elementor-element elementor-element-30430433 e-con-full e-flex e-con e-child\" data-id=\"30430433\" data-element_type=\"container\">\n\t\t\t\t<div class=\"elementor-element elementor-element-2392b865 skt-garden-care-section-five-man-image elementor-widget elementor-widget-image\" data-id=\"2392b865\" data-element_type=\"widget\" data-widget_type=\"image.default\">\n\t\t\t\t\t\t\t\t\t\t\t\t\t\t\t<img decoding=\"async\" src=\"https:\/\/sktperfectdemo.com\/themepack\/garden-care\/wp-content\/uploads\/2024\/04\/section-five-man-img.jpg\" title=\"\" alt=\"\" loading=\"lazy\" \/>\t\t\t\t\t\t\t\t\t\t\t\t\t\t\t<\/div>\n\t\t\t\t<\/div>\n\t\t<div class=\"elementor-element elementor-element-97bdc93 e-con-full skt-garden-care-section-five-mid e-flex e-con e-child\" data-id=\"97bdc93\" data-element_type=\"container\">\n\t\t\t\t<div class=\"elementor-element elementor-element-2b2a90ef skt-garden-care-section-five-counter-one elementor-widget elementor-widget-counter\" data-id=\"2b2a90ef\" data-element_type=\"widget\" data-widget_type=\"counter.default\">\n\t\t\t\t\t\t\t<div class=\"elementor-counter\">\n\t\t\t<div class=\"elementor-counter-title\">Lat do\u015bwiadczenia<\/div>\t\t\t<div class=\"elementor-counter-number-wrapper\">\n\t\t\t\t<span class=\"elementor-counter-number-prefix\"><\/span>\n\t\t\t\t<span class=\"elementor-counter-number\" data-duration=\"2000\" data-to-value=\"35\" data-from-value=\"0\" data-delimiter=\",\">0<\/span>\n\t\t\t\t<span class=\"elementor-counter-number-suffix\"><\/span>\n\t\t\t<\/div>\n\t\t<\/div>\n\t\t\t\t\t\t<\/div>\n\t\t\t\t<div class=\"elementor-element elementor-element-7c059623 skt-garden-care-section-five-counter elementor-widget elementor-widget-counter\" data-id=\"7c059623\" data-element_type=\"widget\" data-widget_type=\"counter.default\">\n\t\t\t\t\t\t\t<div class=\"elementor-counter\">\n\t\t\t<div class=\"elementor-counter-title\">Ogrod\u00f3w<\/div>\t\t\t<div class=\"elementor-counter-number-wrapper\">\n\t\t\t\t<span class=\"elementor-counter-number-prefix\"><\/span>\n\t\t\t\t<span class=\"elementor-counter-number\" data-duration=\"2000\" data-to-value=\"60\" data-from-value=\"0\" data-delimiter=\",\">0<\/span>\n\t\t\t\t<span class=\"elementor-counter-number-suffix\"><\/span>\n\t\t\t<\/div>\n\t\t<\/div>\n\t\t\t\t\t\t<\/div>\n\t\t\t\t<div class=\"elementor-element elementor-element-6ecbec41 skt-garden-care-section-five-counter elementor-widget elementor-widget-counter\" data-id=\"6ecbec41\" data-element_type=\"widget\" data-widget_type=\"counter.default\">\n\t\t\t\t\t\t\t<div class=\"elementor-counter\">\n\t\t\t<div class=\"elementor-counter-title\">Wyci\u0119tych drzew <br> krzew\u00f3w i zaro\u015bli<\/div>\t\t\t<div class=\"elementor-counter-number-wrapper\">\n\t\t\t\t<span class=\"elementor-counter-number-prefix\"><\/span>\n\t\t\t\t<span class=\"elementor-counter-number\" data-duration=\"2000\" data-to-value=\"450\" data-from-value=\"0\" data-delimiter=\",\">0<\/span>\n\t\t\t\t<span class=\"elementor-counter-number-suffix\"><\/span>\n\t\t\t<\/div>\n\t\t<\/div>\n\t\t\t\t\t\t<\/div>\n\t\t\t\t<\/div>\n\t\t<div class=\"elementor-element elementor-element-29920369 e-con-full e-flex e-con e-child\" data-id=\"29920369\" data-element_type=\"container\">\n\t\t\t\t<\/div>\n\t\t<div class=\"elementor-element elementor-element-2c481c06 skt-garden-care-section-five-right-col e-con-full e-flex e-con e-child\" data-id=\"2c481c06\" data-element_type=\"container\">\n\t\t\t\t<div class=\"elementor-element elementor-element-4082b357 elementor-widget elementor-widget-heading\" data-id=\"4082b357\" data-element_type=\"widget\" data-widget_type=\"heading.default\">\n\t\t\t\t\t<h2 class=\"elementor-heading-title elementor-size-default\">Naszym celem jest profesjonalne wykonanie us\u0142ugi, bezpiecze\u0144stwo i zadowolenie klienta<\/h2>\t\t\t\t<\/div>\n\t\t\t\t<div class=\"elementor-element elementor-element-6263eb51 skt-garden-care-section-five-para elementor-widget elementor-widget-text-editor\" data-id=\"6263eb51\" data-element_type=\"widget\" data-widget_type=\"text-editor.default\">\n\t\t\t\t\t\t\t\t\t<p>Nasze us\u0142ugi, w szczeg\u00f3\u0142no\u015bci prace piel\u0119gnacyjne przy przycinaniu i wycinaniu drzew prowadzimy wy\u0142\u0105cznie za pomoc\u0105 specjalistycznego sprz\u0119tu.<br \/>Spos\u00f3b wykonania us\u0142ugi, a tak\u017ce dob\u00f3r odpowiednich narz\u0119dzi zale\u017cy od dost\u0119pnych mo\u017cliwo\u015bci i jest on ustalany po zapoznaniu si\u0119 ze zleceniem wraz z inwestorem.<br \/>Podczas prac wycinki drzew zachowujemy najwy\u017csze standardy bezpiecze\u0144stwa zar\u00f3wno w zakresie bezpiecze\u0144stwa pracy jak i bezpiecze\u0144stwa mienia, kt\u00f3re mog\u0142oby ulec uszkodzeniu podczas wycinania drzew.<\/p>\t\t\t\t\t\t\t\t<\/div>\n\t\t\t\t<div class=\"elementor-element elementor-element-13522c43 skt-garden-care-section-five-icon-list elementor-icon-list--layout-traditional elementor-list-item-link-full_width elementor-widget elementor-widget-icon-list\" data-id=\"13522c43\" data-element_type=\"widget\" data-widget_type=\"icon-list.default\">\n\t\t\t\t\t\t\t<ul class=\"elementor-icon-list-items\">\n\t\t\t\t\t\t\t<li class=\"elementor-icon-list-item\">\n\t\t\t\t\t\t\t\t\t\t\t<span class=\"elementor-icon-list-icon\">\n\t\t\t\t\t\t\t<svg aria-hidden=\"true\" class=\"e-font-icon-svg e-fas-check\" viewBox=\"0 0 512 512\" xmlns=\"http:\/\/www.w3.org\/2000\/svg\"><path d=\"M173.898 439.404l-166.4-166.4c-9.997-9.997-9.997-26.206 0-36.204l36.203-36.204c9.997-9.998 26.207-9.998 36.204 0L192 312.69 432.095 72.596c9.997-9.997 26.207-9.997 36.204 0l36.203 36.204c9.997 9.997 9.997 26.206 0 36.204l-294.4 294.401c-9.998 9.997-26.207 9.997-36.204-.001z\"><\/path><\/svg>\t\t\t\t\t\t<\/span>\n\t\t\t\t\t\t\t\t\t\t<span class=\"elementor-icon-list-text\">Do\u015bwiadczenie<\/span>\n\t\t\t\t\t\t\t\t\t<\/li>\n\t\t\t\t\t\t\t\t<li class=\"elementor-icon-list-item\">\n\t\t\t\t\t\t\t\t\t\t\t<span class=\"elementor-icon-list-icon\">\n\t\t\t\t\t\t\t<svg aria-hidden=\"true\" class=\"e-font-icon-svg e-fas-check\" viewBox=\"0 0 512 512\" xmlns=\"http:\/\/www.w3.org\/2000\/svg\"><path d=\"M173.898 439.404l-166.4-166.4c-9.997-9.997-9.997-26.206 0-36.204l36.203-36.204c9.997-9.998 26.207-9.998 36.204 0L192 312.69 432.095 72.596c9.997-9.997 26.207-9.997 36.204 0l36.203 36.204c9.997 9.997 9.997 26.206 0 36.204l-294.4 294.401c-9.998 9.997-26.207 9.997-36.204-.001z\"><\/path><\/svg>\t\t\t\t\t\t<\/span>\n\t\t\t\t\t\t\t\t\t\t<span class=\"elementor-icon-list-text\">Wiedza<\/span>\n\t\t\t\t\t\t\t\t\t<\/li>\n\t\t\t\t\t\t\t\t<li class=\"elementor-icon-list-item\">\n\t\t\t\t\t\t\t\t\t\t\t<span class=\"elementor-icon-list-icon\">\n\t\t\t\t\t\t\t<svg aria-hidden=\"true\" class=\"e-font-icon-svg e-fas-check\" viewBox=\"0 0 512 512\" xmlns=\"http:\/\/www.w3.org\/2000\/svg\"><path d=\"M173.898 439.404l-166.4-166.4c-9.997-9.997-9.997-26.206 0-36.204l36.203-36.204c9.997-9.998 26.207-9.998 36.204 0L192 312.69 432.095 72.596c9.997-9.997 26.207-9.997 36.204 0l36.203 36.204c9.997 9.997 9.997 26.206 0 36.204l-294.4 294.401c-9.998 9.997-26.207 9.997-36.204-.001z\"><\/path><\/svg>\t\t\t\t\t\t<\/span>\n\t\t\t\t\t\t\t\t\t\t<span class=\"elementor-icon-list-text\">Profesjonalny sprz\u0119t<\/span>\n\t\t\t\t\t\t\t\t\t<\/li>\n\t\t\t\t\t\t\t\t<li class=\"elementor-icon-list-item\">\n\t\t\t\t\t\t\t\t\t\t\t<span class=\"elementor-icon-list-icon\">\n\t\t\t\t\t\t\t<svg aria-hidden=\"true\" class=\"e-font-icon-svg e-fas-check\" viewBox=\"0 0 512 512\" xmlns=\"http:\/\/www.w3.org\/2000\/svg\"><path d=\"M173.898 439.404l-166.4-166.4c-9.997-9.997-9.997-26.206 0-36.204l36.203-36.204c9.997-9.998 26.207-9.998 36.204 0L192 312.69 432.095 72.596c9.997-9.997 26.207-9.997 36.204 0l36.203 36.204c9.997 9.997 9.997 26.206 0 36.204l-294.4 294.401c-9.998 9.997-26.207 9.997-36.204-.001z\"><\/path><\/svg>\t\t\t\t\t\t<\/span>\n\t\t\t\t\t\t\t\t\t\t<span class=\"elementor-icon-list-text\">Najwy\u017csze standardy bezpiecze\u0144stwa<\/span>\n\t\t\t\t\t\t\t\t\t<\/li>\n\t\t\t\t\t\t\t\t<li class=\"elementor-icon-list-item\">\n\t\t\t\t\t\t\t\t\t\t\t<span class=\"elementor-icon-list-icon\">\n\t\t\t\t\t\t\t<svg aria-hidden=\"true\" class=\"e-font-icon-svg e-fas-check\" viewBox=\"0 0 512 512\" xmlns=\"http:\/\/www.w3.org\/2000\/svg\"><path d=\"M173.898 439.404l-166.4-166.4c-9.997-9.997-9.997-26.206 0-36.204l36.203-36.204c9.997-9.998 26.207-9.998 36.204 0L192 312.69 432.095 72.596c9.997-9.997 26.207-9.997 36.204 0l36.203 36.204c9.997 9.997 9.997 26.206 0 36.204l-294.4 294.401c-9.998 9.997-26.207 9.997-36.204-.001z\"><\/path><\/svg>\t\t\t\t\t\t<\/span>\n\t\t\t\t\t\t\t\t\t\t<span class=\"elementor-icon-list-text\">Zadowolenie klienta<\/span>\n\t\t\t\t\t\t\t\t\t<\/li>\n\t\t\t\t\t\t<\/ul>\n\t\t\t\t\t\t<\/div>\n\t\t\t\t<\/div>\n\t\t\t\t\t<\/div>\n\t\t\t\t<\/div>\n\t\t\t\t<\/div>\n\t\t","protected":false},"excerpt":{"rendered":"<p>Wykwalifikowana kadra ogrodnik\u00f3w Sprawdzony i profesjonalny park maszynowy Najwy\u017csza jako\u015b\u0107 obs\u0142ugi klienta Wieloletnie do\u015bwiadczenie i dziesi\u0105tki zmienionych ogrod\u00f3w Od lat dbamy&nbsp;o ogrody&nbsp;i tereny zielone Nasza firma P.P.H.U \u201e\u0141AD\u201d powsta\u0142a ponad 20 lat i od samego pocz\u0105tku realizuje us\u0142ugi ogrodnicze i porz\u0105dkowe na terenie wojew\u00f3dztwa \u0142\u00f3dzkiego. Doskona\u0142a jako\u015b\u0107 naszych us\u0142ug, sumienno\u015b\u0107, dok\u0142adno\u015b\u0107 i precyzja umo\u017cliwi\u0142a Nam<br \/><a class=\"moretag\" href=\"https:\/\/miastoiogrody.pl\/index.php\/about\/\">+ Read More<\/a><\/p>\n","protected":false},"author":1,"featured_media":0,"parent":0,"menu_order":0,"comment_status":"closed","ping_status":"closed","template":"templates\/page-builder.php","meta":{"footnotes":""},"class_list":["post-145","page","type-page","status-publish","hentry"],"_links":{"self":[{"href":"https:\/\/miastoiogrody.pl\/index.php\/wp-json\/wp\/v2\/pages\/145","targetHints":{"allow":["GET"]}}],"collection":[{"href":"https:\/\/miastoiogrody.pl\/index.php\/wp-json\/wp\/v2\/pages"}],"about":[{"href":"https:\/\/miastoiogrody.pl\/index.php\/wp-json\/wp\/v2\/types\/page"}],"author":[{"embeddable":true,"href":"https:\/\/miastoiogrody.pl\/index.php\/wp-json\/wp\/v2\/users\/1"}],"replies":[{"embeddable":true,"href":"https:\/\/miastoiogrody.pl\/index.php\/wp-json\/wp\/v2\/comments?post=145"}],"version-history":[{"count":25,"href":"https:\/\/miastoiogrody.pl\/index.php\/wp-json\/wp\/v2\/pages\/145\/revisions"}],"predecessor-version":[{"id":490,"href":"https:\/\/miastoiogrody.pl\/index.php\/wp-json\/wp\/v2\/pages\/145\/revisions\/490"}],"wp:attachment":[{"href":"https:\/\/miastoiogrody.pl\/index.php\/wp-json\/wp\/v2\/media?parent=145"}],"curies":[{"name":"wp","href":"https:\/\/api.w.org\/{rel}","templated":true}]}}